{"id":1055,"date":"2020-04-14T15:04:41","date_gmt":"2020-04-14T15:04:41","guid":{"rendered":"http:\/\/tunilab.com\/les-bons-reflexes-apres-une-panne-sur-un-disque-dur\/"},"modified":"2021-04-03T11:53:30","modified_gmt":"2021-04-03T11:53:30","slug":"best-practices-after-a-hard-drive-failure","status":"publish","type":"page","link":"https:\/\/tunilab.com\/en\/best-practices-after-a-hard-drive-failure\/","title":{"rendered":"Best practices after a hard drive failure"},"content":{"rendered":"\n[et_pb_section fb_built=&#8221;1&#8243; _builder_version=&#8221;4.4.2&#8243; custom_padding=&#8221;||9px|||&#8221;][et_pb_row _builder_version=&#8221;4.4.2&#8243;][et_pb_column type=&#8221;4_4&#8243; _builder_version=&#8221;4.4.2&#8243;][et_pb_image src=&#8221;https:\/\/tunilab.com\/wp-content\/uploads\/2020\/04\/data-recovery-1.jpg&#8221; align=&#8221;center&#8221; _builder_version=&#8221;4.4.2&#8243; custom_padding=&#8221;||0px|||&#8221;][\/et_pb_image][\/et_pb_column][\/et_pb_row][\/et_pb_section][et_pb_section fb_built=&#8221;1&#8243; _builder_version=&#8221;4.4.2&#8243; custom_padding=&#8221;5px|||||&#8221;][et_pb_row _builder_version=&#8221;4.4.2&#8243;][et_pb_column type=&#8221;4_4&#8243; _builder_version=&#8221;4.4.2&#8243;][et_pb_text _builder_version=&#8221;4.4.4&#8243; text_font_size=&#8221;18px&#8221; hover_enabled=&#8221;0&#8243;]<p><strong>Best practices after a hard drive failure:<\/strong><\/p>\n<p>\u00a0A\u00a0good number of the damaged disks that arrive to our lab for data recovery, many have been opened and taken apart by third parties.<\/p>\n<p>Opening a hard drive requires very specific conditions and measures to protect magnetic data carriers.<\/p>\n<p>It is of the utmost importance that a hard drive is never opened except in a clean room environment. The technician handling the disc must wear a special lint-free suit, gloves and a surgical mask to avoid damaging the data on the disc.<\/p>\n<p>Without these conditions, the data on the disk is at real risk and may be lost forever.<\/p>\n[\/et_pb_text][\/et_pb_column][\/et_pb_row][\/et_pb_section][et_pb_section fb_built=&#8221;1&#8243; admin_label=&#8221;Try it Free&#8221; _builder_version=&#8221;3.22&#8243; use_background_color_gradient=&#8221;on&#8221; background_color_gradient_start=&#8221;#8834fd&#8221; background_color_gradient_end=&#8221;#c756ec&#8221; background_color_gradient_direction=&#8221;60deg&#8221; min_height=&#8221;275px&#8221; custom_margin=&#8221;15px|||||&#8221; custom_padding=&#8221;5px|0px|8px|0px||&#8221; saved_tabs=&#8221;all&#8221; locked=&#8221;off&#8221;][et_pb_row column_structure=&#8221;1_4,1_2,1_4&#8243; _builder_version=&#8221;4.4.2&#8243; custom_margin=&#8221;-2px|auto||auto||&#8221; global_module=&#8221;1052&#8243;][et_pb_column type=&#8221;1_4&#8243; _builder_version=&#8221;3.25&#8243; custom_padding=&#8221;|||&#8221; custom_padding__hover=&#8221;|||&#8221;][\/et_pb_column][et_pb_column type=&#8221;1_2&#8243; _builder_version=&#8221;3.25&#8243; custom_padding=&#8221;|||&#8221; custom_padding__hover=&#8221;|||&#8221;][et_pb_signup provider=&#8221;convertkit&#8221; convertkit_list=&#8221;1317175&#8243; title=&#8221;Sign up to receive the latest news by email!&#8221; button_text=&#8221;Send&#8221; _builder_version=&#8221;4.4.4&#8243; header_font=&#8221;Poppins||||||||&#8221; header_font_size=&#8221;36px&#8221; header_line_height=&#8221;1.4em&#8221; use_background_color=&#8221;off&#8221; custom_button=&#8221;on&#8221; button_text_size=&#8221;14px&#8221; button_text_color=&#8221;#ffffff&#8221; button_bg_color=&#8221;#2b9cf2&#8243; button_border_width=&#8221;6px&#8221; button_border_color=&#8221;#2b9cf2&#8243; button_border_radius=&#8221;100px&#8221; button_letter_spacing=&#8221;1px&#8221; button_font=&#8221;Poppins|600||on|||||&#8221; button_use_icon=&#8221;off&#8221; text_orientation=&#8221;center&#8221; animation_style=&#8221;fade&#8221; button_letter_spacing_tablet=&#8221;&#8221; button_letter_spacing_phone=&#8221;&#8221; button_letter_spacing_last_edited=&#8221;on|desktop&#8221; border_radii_fields=&#8221;on|100px|100px|100px|100px&#8221; locked=&#8221;off&#8221; button_text_size__hover_enabled=&#8221;off&#8221; button_one_text_size__hover_enabled=&#8221;off&#8221; button_two_text_size__hover_enabled=&#8221;off&#8221; button_text_color__hover_enabled=&#8221;off&#8221; button_one_text_color__hover_enabled=&#8221;off&#8221; button_two_text_color__hover_enabled=&#8221;off&#8221; button_border_width__hover_enabled=&#8221;off&#8221; button_one_border_width__hover_enabled=&#8221;off&#8221; button_two_border_width__hover_enabled=&#8221;off&#8221; button_border_color__hover_enabled=&#8221;off&#8221; button_one_border_color__hover_enabled=&#8221;off&#8221; button_two_border_color__hover_enabled=&#8221;off&#8221; button_border_radius__hover_enabled=&#8221;off&#8221; button_one_border_radius__hover_enabled=&#8221;off&#8221; button_two_border_radius__hover_enabled=&#8221;off&#8221; button_letter_spacing__hover_enabled=&#8221;off&#8221; button_one_letter_spacing__hover_enabled=&#8221;off&#8221; button_two_letter_spacing__hover_enabled=&#8221;off&#8221; button_bg_color__hover_enabled=&#8221;off&#8221; button_one_bg_color__hover_enabled=&#8221;off&#8221; button_two_bg_color__hover_enabled=&#8221;off&#8221;][\/et_pb_signup][\/et_pb_column][et_pb_column type=&#8221;1_4&#8243; _builder_version=&#8221;3.25&#8243; custom_padding=&#8221;|||&#8221; custom_padding__hover=&#8221;|||&#8221;][\/et_pb_column][\/et_pb_row][\/et_pb_section]\n","protected":false},"excerpt":{"rendered":"<p>Parmi les disques endommag\u00e9s qui parviennent pour la r\u00e9cup\u00e9ration des donn\u00e9es qui s\u2019y trouvent, une bonne partie ont \u00e9t\u00e9 ouverts et d\u00e9mont\u00e9s par des tiers.<\/p>\n","protected":false},"author":1,"featured_media":925,"parent":0,"menu_order":0,"comment_status":"closed","ping_status":"closed","template":"","meta":{"_et_pb_use_builder":"on","_et_pb_old_content":"","_et_gb_content_width":"","footnotes":""},"class_list":["post-1055","page","type-page","status-publish","has-post-thumbnail","hentry"],"aioseo_notices":[],"_links":{"self":[{"href":"https:\/\/tunilab.com\/en\/wp-json\/wp\/v2\/pages\/1055","targetHints":{"allow":["GET"]}}],"collection":[{"href":"https:\/\/tunilab.com\/en\/wp-json\/wp\/v2\/pages"}],"about":[{"href":"https:\/\/tunilab.com\/en\/wp-json\/wp\/v2\/types\/page"}],"author":[{"embeddable":true,"href":"https:\/\/tunilab.com\/en\/wp-json\/wp\/v2\/users\/1"}],"replies":[{"embeddable":true,"href":"https:\/\/tunilab.com\/en\/wp-json\/wp\/v2\/comments?post=1055"}],"version-history":[{"count":0,"href":"https:\/\/tunilab.com\/en\/wp-json\/wp\/v2\/pages\/1055\/revisions"}],"wp:featuredmedia":[{"embeddable":true,"href":"https:\/\/tunilab.com\/en\/wp-json\/wp\/v2\/media\/925"}],"wp:attachment":[{"href":"https:\/\/tunilab.com\/en\/wp-json\/wp\/v2\/media?parent=1055"}],"curies":[{"name":"wp","href":"https:\/\/api.w.org\/{rel}","templated":true}]}}