{"id":1525,"date":"2023-04-13T09:11:31","date_gmt":"2023-04-13T09:11:31","guid":{"rendered":"https:\/\/tunilab.com\/recuperer-les-donnees-a-partir-dun-disque-dur-avec-des-secteurs-defectueux\/"},"modified":"2023-10-25T12:22:28","modified_gmt":"2023-10-25T11:22:28","slug":"recuperer-les-donnees-a-partir-dun-disque-dur-avec-des-secteurs-defectueux","status":"publish","type":"page","link":"https:\/\/tunilab.com\/en\/recuperer-les-donnees-a-partir-dun-disque-dur-avec-des-secteurs-defectueux\/","title":{"rendered":"R\u00e9cup\u00e9rer les donn\u00e9es \u00e0 partir d\u2019un disque dur avec des secteurs d\u00e9fectueux"},"content":{"rendered":"<p>[et_pb_section fb_built=&#8221;1&#8243; _builder_version=&#8221;4.16&#8243; global_colors_info=&#8221;{}&#8221;][et_pb_row _builder_version=&#8221;4.16&#8243; global_colors_info=&#8221;{}&#8221;][et_pb_column type=&#8221;4_4&#8243; _builder_version=&#8221;4.16&#8243; global_colors_info=&#8221;{}&#8221;][et_pb_image src=&#8221;https:\/\/tunilab.com\/wp-content\/uploads\/2023\/04\/harddrivehealth-e1681323104207.jpg&#8221; title_text=&#8221;harddrivehealth&#8221; align=&#8221;center&#8221; _builder_version=&#8221;4.20.2&#8243; min_height=&#8221;243px&#8221; custom_padding=&#8221;||0px|||&#8221; global_colors_info=&#8221;{}&#8221;][\/et_pb_image][et_pb_text _builder_version=&#8221;4.23&#8243; text_font_size=&#8221;18px&#8221; hover_enabled=&#8221;0&#8243; global_colors_info=&#8221;{}&#8221; sticky_enabled=&#8221;0&#8243;]<\/p>\n<p>Si vous travaillez avec des ordinateurs, il est probable que vous ayez d\u00e9j\u00e0 rencontr\u00e9 un disque dur d\u00e9fectueux avec des secteurs endommag\u00e9s. Ces secteurs d\u00e9fectueux peuvent rendre les donn\u00e9es inaccessibles, ce qui peut causer des pertes importantes pour les entreprises. Heureusement, il existe des moyens de r\u00e9cup\u00e9rer ces donn\u00e9es. Dans cet article, nous allons vous montrer comment r\u00e9cup\u00e9rer les donn\u00e9es \u00e0 partir d&#8217;un disque dur avec des secteurs d\u00e9fectueux.<\/p>\n<h1>\u00c9tape 1: Arr\u00eater d&#8217;utiliser le disque dur d\u00e9fectueux<\/h1>\n<p>La premi\u00e8re chose \u00e0 faire lorsque vous rencontrez des secteurs d\u00e9fectueux sur votre disque dur est d&#8217;arr\u00eater d&#8217;utiliser le disque dur imm\u00e9diatement. L&#8217;utilisation continue du disque dur peut entra\u00eener une aggravation des dommages et une perte permanente des donn\u00e9es. Il est donc important d&#8217;\u00e9viter d&#8217;\u00e9crire des donn\u00e9es sur le disque dur endommag\u00e9 et de ne pas l&#8217;utiliser pour stocker de nouvelles donn\u00e9es.<\/p>\n<h1>\u00c9tape 2: \u00c9valuation de la gravit\u00e9 des dommages<\/h1>\n<p>La prochaine \u00e9tape consiste \u00e0 \u00e9valuer la gravit\u00e9 des dommages. Cela implique d&#8217;ex\u00e9cuter une analyse compl\u00e8te du disque dur pour d\u00e9terminer l&#8217;\u00e9tendue des dommages. Si vous n&#8217;avez pas l&#8217;expertise technique n\u00e9cessaire, il est recommand\u00e9 de contacter un professionnel de la r\u00e9cup\u00e9ration de donn\u00e9es.<\/p>\n<h1>\u00c9tape 3: R\u00e9cup\u00e9ration professionnelle de donn\u00e9es<\/h1>\n<p>Si les dommages sont importants, il est recommand\u00e9 de contacter une entreprise professionnelle de r\u00e9cup\u00e9ration de donn\u00e9es. Les professionnels disposent de l&#8217;expertise technique et outils n\u00e9cessaire pour r\u00e9cup\u00e9rer les donn\u00e9es \u00e0 partir d&#8217;un disque dur endommag\u00e9. Ils utilisent des \u00e9quipements sp\u00e9cialis\u00e9s et des techniques avanc\u00e9es pour r\u00e9cup\u00e9rer les donn\u00e9es sans causer de dommages suppl\u00e9mentaires.<\/p>\n<p>En conclusion, la r\u00e9cup\u00e9ration de donn\u00e9es \u00e0 partir d&#8217;un disque dur avec des secteurs d\u00e9fectueux est un processus complexe qui n\u00e9cessite des comp\u00e9tences techniques. Si vous rencontrez des probl\u00e8mes avec votre disque dur, il est important de contacter un professionnel de la r\u00e9cup\u00e9ration de donn\u00e9es pour vous assurer que les donn\u00e9es sont r\u00e9cup\u00e9r\u00e9es en toute s\u00e9curit\u00e9.<\/p>\n<p>&nbsp;<\/p>\n<p>[\/et_pb_text][\/et_pb_column][\/et_pb_row][\/et_pb_section][et_pb_section fb_built=&#8221;1&#8243; _builder_version=&#8221;4.16&#8243; custom_margin=&#8221;-77px|||||&#8221; global_colors_info=&#8221;{}&#8221;][\/et_pb_section][et_pb_section fb_built=&#8221;1&#8243; admin_label=&#8221;Try it Free&#8221; _builder_version=&#8221;4.16&#8243; use_background_color_gradient=&#8221;on&#8221; background_color_gradient_direction=&#8221;60deg&#8221; background_color_gradient_stops=&#8221;#8834fd 0%|#c756ec 100%&#8221; background_color_gradient_start=&#8221;#8834fd&#8221; background_color_gradient_end=&#8221;#c756ec&#8221; min_height=&#8221;275px&#8221; custom_margin=&#8221;15px|||||&#8221; custom_padding=&#8221;5px|0px|8px|0px||&#8221; saved_tabs=&#8221;all&#8221; locked=&#8221;off&#8221; global_colors_info=&#8221;{}&#8221;][et_pb_row column_structure=&#8221;1_4,1_2,1_4&#8243; _builder_version=&#8221;4.16&#8243; custom_margin=&#8221;-2px|auto||auto||&#8221; global_colors_info=&#8221;{}&#8221;][et_pb_column type=&#8221;1_4&#8243; _builder_version=&#8221;4.16&#8243; custom_padding=&#8221;|||&#8221; global_colors_info=&#8221;{}&#8221; custom_padding__hover=&#8221;|||&#8221;][\/et_pb_column][et_pb_column type=&#8221;1_2&#8243; _builder_version=&#8221;4.16&#8243; custom_padding=&#8221;|||&#8221; global_colors_info=&#8221;{}&#8221; custom_padding__hover=&#8221;|||&#8221;][et_pb_signup provider=&#8221;convertkit&#8221; convertkit_list=&#8221;1317175&#8243; title=&#8221;Inscrivez-vous pour recevoir les derni\u00e8res nouvelles par e-mail!&#8221; button_text=&#8221;Envoyer&#8221; _builder_version=&#8221;4.16&#8243; header_font=&#8221;Poppins||||||||&#8221; header_font_size=&#8221;36px&#8221; header_line_height=&#8221;1.4em&#8221; use_background_color=&#8221;off&#8221; custom_button=&#8221;on&#8221; button_text_size=&#8221;14px&#8221; button_text_color=&#8221;#ffffff&#8221; button_bg_color=&#8221;#2b9cf2&#8243; button_border_width=&#8221;6px&#8221; button_border_color=&#8221;#2b9cf2&#8243; button_border_radius=&#8221;100px&#8221; button_letter_spacing=&#8221;1px&#8221; button_font=&#8221;Poppins|600||on|||||&#8221; button_use_icon=&#8221;off&#8221; text_orientation=&#8221;center&#8221; animation_style=&#8221;fade&#8221; button_letter_spacing_tablet=&#8221;&#8221; button_letter_spacing_phone=&#8221;&#8221; button_letter_spacing_last_edited=&#8221;on|desktop&#8221; border_radii_fields=&#8221;on|100px|100px|100px|100px&#8221; locked=&#8221;off&#8221; global_colors_info=&#8221;{}&#8221; button_text_size__hover_enabled=&#8221;off&#8221; button_one_text_size__hover_enabled=&#8221;off&#8221; button_two_text_size__hover_enabled=&#8221;off&#8221; button_text_color__hover_enabled=&#8221;off&#8221; button_one_text_color__hover_enabled=&#8221;off&#8221; button_two_text_color__hover_enabled=&#8221;off&#8221; button_border_width__hover_enabled=&#8221;off&#8221; button_one_border_width__hover_enabled=&#8221;off&#8221; button_two_border_width__hover_enabled=&#8221;off&#8221; button_border_color__hover_enabled=&#8221;off&#8221; button_one_border_color__hover_enabled=&#8221;off&#8221; button_two_border_color__hover_enabled=&#8221;off&#8221; button_border_radius__hover_enabled=&#8221;off&#8221; button_one_border_radius__hover_enabled=&#8221;off&#8221; button_two_border_radius__hover_enabled=&#8221;off&#8221; button_letter_spacing__hover_enabled=&#8221;off&#8221; button_one_letter_spacing__hover_enabled=&#8221;off&#8221; button_two_letter_spacing__hover_enabled=&#8221;off&#8221; button_bg_color__hover_enabled=&#8221;off&#8221; button_one_bg_color__hover_enabled=&#8221;off&#8221; button_two_bg_color__hover_enabled=&#8221;off&#8221;][\/et_pb_signup][\/et_pb_column][et_pb_column type=&#8221;1_4&#8243; _builder_version=&#8221;4.16&#8243; custom_padding=&#8221;|||&#8221; global_colors_info=&#8221;{}&#8221; custom_padding__hover=&#8221;|||&#8221;][\/et_pb_column][\/et_pb_row][\/et_pb_section]<\/p>\n","protected":false},"excerpt":{"rendered":"<p>Si vous travaillez avec des ordinateurs, il est probable que vous ayez d\u00e9j\u00e0 rencontr\u00e9 un disque dur d\u00e9fectueux avec des secteurs endommag\u00e9s. Ces secteurs d\u00e9fectueux peuvent rendre les donn\u00e9es inaccessibles, ce qui peut causer des pertes importantes pour les entreprises. Heureusement, il existe des moyens de r\u00e9cup\u00e9rer ces donn\u00e9es. Dans cet article, nous allons vous [&hellip;]<\/p>\n","protected":false},"author":2,"featured_media":0,"parent":0,"menu_order":0,"comment_status":"closed","ping_status":"closed","template":"","meta":{"_et_pb_use_builder":"on","_et_pb_old_content":"","_et_gb_content_width":"","footnotes":""},"class_list":["post-1525","page","type-page","status-publish","hentry"],"aioseo_notices":[],"_links":{"self":[{"href":"https:\/\/tunilab.com\/en\/wp-json\/wp\/v2\/pages\/1525","targetHints":{"allow":["GET"]}}],"collection":[{"href":"https:\/\/tunilab.com\/en\/wp-json\/wp\/v2\/pages"}],"about":[{"href":"https:\/\/tunilab.com\/en\/wp-json\/wp\/v2\/types\/page"}],"author":[{"embeddable":true,"href":"https:\/\/tunilab.com\/en\/wp-json\/wp\/v2\/users\/2"}],"replies":[{"embeddable":true,"href":"https:\/\/tunilab.com\/en\/wp-json\/wp\/v2\/comments?post=1525"}],"version-history":[{"count":0,"href":"https:\/\/tunilab.com\/en\/wp-json\/wp\/v2\/pages\/1525\/revisions"}],"wp:attachment":[{"href":"https:\/\/tunilab.com\/en\/wp-json\/wp\/v2\/media?parent=1525"}],"curies":[{"name":"wp","href":"https:\/\/api.w.org\/{rel}","templated":true}]}}