{"id":845,"date":"2020-03-26T09:39:03","date_gmt":"2020-03-26T09:39:03","guid":{"rendered":"http:\/\/tunilab.com\/archivage-numerique\/"},"modified":"2021-04-03T12:06:15","modified_gmt":"2021-04-03T12:06:15","slug":"document-management","status":"publish","type":"page","link":"https:\/\/tunilab.com\/en\/document-management\/","title":{"rendered":"Document Management"},"content":{"rendered":"\n[et_pb_section fb_built=&#8221;1&#8243; fullwidth=&#8221;on&#8221; admin_label=&#8221;Hero&#8221; _builder_version=&#8221;4.4.2&#8243; background_image=&#8221;https:\/\/tunilab.com\/wp-content\/uploads\/2020\/03\/HD_DM.jpg&#8221; custom_padding=&#8221;0px|0|0px|0px|false|false&#8221;][et_pb_fullwidth_header title=&#8221;Documents Digitization&#8221; text_orientation=&#8221;center&#8221; _builder_version=&#8221;4.4.2&#8243; title_font=&#8221;Share Tech||||||||&#8221; title_text_align=&#8221;center&#8221; title_text_color=&#8221;#7cda24&#8243; title_font_size=&#8221;80px&#8221; title_line_height=&#8221;1.2em&#8221; content_font=&#8221;Open Sans||||||||&#8221; content_text_align=&#8221;center&#8221; content_font_size=&#8221;18px&#8221; content_line_height=&#8221;1.8em&#8221; background_enable_color=&#8221;off&#8221; background_color_gradient_direction=&#8221;140deg&#8221; background_enable_image=&#8221;off&#8221; custom_button_one=&#8221;on&#8221; button_one_text_size=&#8221;15px&#8221; button_one_bg_color=&#8221;#ffa727&#8243; button_one_border_width=&#8221;15px&#8221; button_one_border_color=&#8221;#ffa727&#8243; button_one_border_radius=&#8221;100px&#8221; button_one_letter_spacing=&#8221;5px&#8221; button_one_font=&#8221;Open Sans|700||on|||||&#8221; min_height=&#8221;564px&#8221; custom_margin=&#8221;||-146px|||&#8221; custom_padding=&#8221;0vw||0vw||true|&#8221; custom_padding_tablet=&#8221;100px||100px||true&#8221; custom_padding_phone=&#8221;|||&#8221; custom_padding_last_edited=&#8221;on|desktop&#8221; title_font_size_tablet=&#8221;60px&#8221; title_font_size_phone=&#8221;36px&#8221; title_font_size_last_edited=&#8221;on|phone&#8221; content_font_size_tablet=&#8221;&#8221; content_font_size_phone=&#8221;16px&#8221; content_font_size_last_edited=&#8221;on|phone&#8221; button_one_text_size_tablet=&#8221;&#8221; button_one_text_size_phone=&#8221;&#8221; button_one_text_size_last_edited=&#8221;on|desktop&#8221; button_one_border_color_hover=&#8221;#ff8a3d&#8221; button_one_border_radius_hover=&#8221;100px&#8221; button_one_letter_spacing_hover=&#8221;5px&#8221; button_one_bg_color_hover=&#8221;#ff8a3d&#8221; button_one_text_size__hover_enabled=&#8221;off&#8221; button_two_text_size__hover_enabled=&#8221;off&#8221; button_one_text_color__hover_enabled=&#8221;off&#8221; button_two_text_color__hover_enabled=&#8221;off&#8221; button_one_border_width__hover_enabled=&#8221;off&#8221; button_two_border_width__hover_enabled=&#8221;off&#8221; button_one_border_color__hover_enabled=&#8221;on&#8221; button_one_border_color__hover=&#8221;#ff8a3d&#8221; button_two_border_color__hover_enabled=&#8221;off&#8221; button_one_border_radius__hover_enabled=&#8221;on&#8221; button_one_border_radius__hover=&#8221;100px&#8221; button_two_border_radius__hover_enabled=&#8221;off&#8221; button_one_letter_spacing__hover_enabled=&#8221;on&#8221; button_one_letter_spacing__hover=&#8221;5px&#8221; button_two_letter_spacing__hover_enabled=&#8221;off&#8221; button_one_bg_color__hover_enabled=&#8221;on&#8221; button_one_bg_color__hover=&#8221;#ff8a3d&#8221; button_two_bg_color__hover_enabled=&#8221;off&#8221;][\/et_pb_fullwidth_header][\/et_pb_section][et_pb_section fb_built=&#8221;1&#8243; admin_label=&#8221;Videos&#8221; _builder_version=&#8221;3.22&#8243; min_height=&#8221;433px&#8221; custom_padding=&#8221;102px|0px|0px|0px|false|false&#8221;][et_pb_row _builder_version=&#8221;4.4.1&#8243; custom_margin=&#8221;-40px|auto||auto||&#8221;][et_pb_column type=&#8221;4_4&#8243; _builder_version=&#8221;4.4.1&#8243;][et_pb_text _builder_version=&#8221;4.4.4&#8243; text_font_size=&#8221;18px&#8221; hover_enabled=&#8221;0&#8243;]<p style=\"margin: 0in; margin-bottom: .0001pt; background: white; vertical-align: baseline;\"><span style=\"font-size: 13.5pt; font-family: 'Arial',sans-serif; color: #666666;\">The digitization of your documents will guarantee you super-fast access to all your documents. Don\u2019t waste any more time searching through your archives. Take full advantage of the benefits of an indexed and searchable digital archive. Take advantage of all the benefits of Electronic Document Management applications. Immediate access to all your archived documents is literally at your fingertips.<o:p><\/o:p><\/span><\/p>\n<p style=\"margin: 0in; margin-bottom: .0001pt; background: white; vertical-align: baseline;\"><span style=\"font-size: 13.5pt; font-family: 'Arial',sans-serif; color: #666666;\">Our new Electronic Document Management software: GEDocx<br \/> GEDocx is an Electronic Document Management application specifically designed to help professionals better manage their electronic documents. The application offers a variety of features such as scanning, processing, classification, analysis and authentication of documents, as well as advanced search functions. GEDocx is optimized for management of projects of all sizes. It can be used on a single computer or on an entire network of computers. In addition, it is possible to manage the access rights of different GEDocx users. Our software supports large scale production scans with barcode detection functionality.<o:p><\/o:p><\/span><\/p>\n[\/et_pb_text][\/et_pb_column][\/et_pb_row][\/et_pb_section][et_pb_section fb_built=&#8221;1&#8243; admin_label=&#8221;FAQ&#8221; _builder_version=&#8221;3.22&#8243; custom_padding=&#8221;0px|0px|54px|0px|false|false&#8221;][et_pb_row _builder_version=&#8221;3.25&#8243; custom_margin=&#8221;|||&#8221; custom_padding=&#8221;|||&#8221;][et_pb_column type=&#8221;4_4&#8243; _builder_version=&#8221;3.25&#8243; custom_padding=&#8221;|||&#8221; custom_padding__hover=&#8221;|||&#8221;][et_pb_text _builder_version=&#8221;3.27.4&#8243; text_font=&#8221;Share Tech||||||||&#8221; text_text_color=&#8221;rgba(0,0,0,0.02)&#8221; text_font_size=&#8221;100px&#8221; text_line_height=&#8221;0.2em&#8221; header_font=&#8221;||||||||&#8221; header_2_font=&#8221;Share Tech||||||||&#8221; header_2_font_size=&#8221;48px&#8221; header_2_line_height=&#8221;1.4em&#8221; text_orientation=&#8221;center&#8221; custom_margin=&#8221;||30px||false&#8221; custom_margin_tablet=&#8221;||0px|&#8221; custom_margin_phone=&#8221;&#8221; custom_margin_last_edited=&#8221;on|tablet&#8221; text_font_size_tablet=&#8221;80px&#8221; text_font_size_phone=&#8221;60px&#8221; text_font_size_last_edited=&#8221;on|desktop&#8221; header_2_font_size_tablet=&#8221;&#8221; header_2_font_size_phone=&#8221;36px&#8221; header_2_font_size_last_edited=&#8221;on|phone&#8221;]FAQ\r\n<h2>Frequently Asked Questions<\/h2>\r[\/et_pb_text][\/et_pb_column][\/et_pb_row][et_pb_row column_structure=&#8221;1_2,1_2&#8243; admin_label=&#8221;FAQ Row&#8221; _builder_version=&#8221;3.25&#8243; global_module=&#8221;967&#8243;][et_pb_column type=&#8221;1_2&#8243; _builder_version=&#8221;3.25&#8243; custom_padding=&#8221;|||&#8221; custom_padding__hover=&#8221;|||&#8221;][et_pb_toggle title=&#8221;What types of media do you support?&#8221; open_toggle_background_color=&#8221;rgba(0,0,0,0)&#8221; closed_toggle_background_color=&#8221;rgba(0,0,0,0)&#8221; _builder_version=&#8221;4.4.4&#8243; title_font=&#8221;Share Tech||||||||&#8221; background_color=&#8221;#f1f1f1&#8243; custom_margin=&#8221;|||&#8221; custom_padding=&#8221;|||&#8221; locked=&#8221;off&#8221;]<p>We support almost all types of drives: SATA, IDE, SCSI, SAS, SSD, disk grouping in RAID etc &#8230; We also support most storage media.<\/p>[\/et_pb_toggle][et_pb_toggle title=&#8221;What are the stages of your recovery service?&#8221; open_toggle_background_color=&#8221;rgba(0,0,0,0)&#8221; closed_toggle_background_color=&#8221;rgba(0,0,0,0)&#8221; _builder_version=&#8221;4.4.4&#8243; title_font=&#8221;Share Tech||||||||&#8221; background_color=&#8221;#f1f1f1&#8243; custom_margin=&#8221;|||&#8221; custom_padding=&#8221;|||&#8221; locked=&#8221;off&#8221;]<p>We collect failed drives for diagnostic purposes. Once the diagnosis is complete, we send a quote to the customer and notify them by phone. Once the quote has been accepted, we proceed to recover the data.<\/p>[\/et_pb_toggle][et_pb_toggle title=&#8221;How much does data recovery cost?&#8221; open_toggle_background_color=&#8221;rgba(0,0,0,0)&#8221; closed_toggle_background_color=&#8221;rgba(0,0,0,0)&#8221; _builder_version=&#8221;4.4.4&#8243; title_font=&#8221;Share Tech||||||||&#8221; background_color=&#8221;#f1f1f1&#8243; custom_margin=&#8221;|||&#8221; custom_padding=&#8221;|||&#8221; locked=&#8221;off&#8221;]<p>To find out the amount of the packages corresponding to your problem Contact Us<\/p>[\/et_pb_toggle][et_pb_toggle title=&#8221;How do you ensure the confidentiality of the documents you process?&#8221; open_toggle_background_color=&#8221;rgba(0,0,0,0)&#8221; closed_toggle_background_color=&#8221;rgba(0,0,0,0)&#8221; _builder_version=&#8221;4.4.4&#8243; title_font=&#8221;Share Tech||||||||&#8221; background_color=&#8221;#f1f1f1&#8243; custom_margin=&#8221;|||&#8221; custom_padding=&#8221;|||&#8221; locked=&#8221;off&#8221;]<p>We ensure total traceability and confidentiality of ALL documents and media that reach us, from their delivery in person until their return to the customer. Our systems comply with the latest security standards (surveillance cameras, secure equipment, user rights). In addition, each employee must sign a confidentiality agreement before being recruited by TuniLAB. Our security extends even to the software level: all our devices are secured by software and by access rights. Finally, our premises are guarded 24\/7.<\/p>[\/et_pb_toggle][\/et_pb_column][et_pb_column type=&#8221;1_2&#8243; _builder_version=&#8221;3.25&#8243; custom_padding=&#8221;|||&#8221; custom_padding__hover=&#8221;|||&#8221;][et_pb_toggle title=&#8221;My drive has crashed, should I try to fix it myself?&#8221; open_toggle_background_color=&#8221;rgba(0,0,0,0)&#8221; closed_toggle_background_color=&#8221;rgba(0,0,0,0)&#8221; _builder_version=&#8221;4.4.4&#8243; title_font=&#8221;Share Tech||||||||&#8221; background_color=&#8221;#f1f1f1&#8243; custom_margin=&#8221;|||&#8221; custom_padding=&#8221;|||&#8221; locked=&#8221;off&#8221;]<p>It is strongly recommended to consult a specialist before taking any action. We have had to deal with disks that have undergone interventions that made the data unrecoverable for good. Hard disks are sensitive and very fragile equipment, an expertise is necessary to be able to handle them.<\/p>[\/et_pb_toggle][et_pb_toggle title=&#8221;My drive has a physical problem, can you recover the data?&#8221; open_toggle_background_color=&#8221;rgba(0,0,0,0)&#8221; closed_toggle_background_color=&#8221;rgba(0,0,0,0)&#8221; _builder_version=&#8221;4.4.4&#8243; title_font=&#8221;Share Tech||||||||&#8221; background_color=&#8221;#f1f1f1&#8243; custom_margin=&#8221;|||&#8221; custom_padding=&#8221;|||&#8221; locked=&#8221;off&#8221;]<p>TUNILAB has the necessary equipment and know-how to perform physical data recovery. Our laboratory provides the necessary conditions for opening the discs and replacing the different parts that make it up.<\/p>[\/et_pb_toggle][et_pb_toggle title=&#8221;How much does the diagnosis cost?&#8221; open_toggle_background_color=&#8221;rgba(0,0,0,0)&#8221; closed_toggle_background_color=&#8221;rgba(0,0,0,0)&#8221; _builder_version=&#8221;4.4.4&#8243; title_font=&#8221;Share Tech||||||||&#8221; background_color=&#8221;#f1f1f1&#8243; custom_margin=&#8221;|||&#8221; custom_padding=&#8221;|||&#8221; locked=&#8221;off&#8221;]<p>Diagnosis is free if the disc has not been opened or manipulated<\/p>[\/et_pb_toggle][et_pb_toggle title=&#8221;How can I send my hard drive to your laboratory?&#8221; open_toggle_background_color=&#8221;rgba(0,0,0,0)&#8221; closed_toggle_background_color=&#8221;rgba(0,0,0,0)&#8221; _builder_version=&#8221;4.4.4&#8243; title_font=&#8221;Share Tech||||||||&#8221; background_color=&#8221;#f1f1f1&#8243; custom_margin=&#8221;|||&#8221; custom_padding=&#8221;|||&#8221; locked=&#8221;off&#8221;]<p>You can bring your storage media in person, via a carrier or by express mail.<\/p>[\/et_pb_toggle][\/et_pb_column][\/et_pb_row][\/et_pb_section][et_pb_section fb_built=&#8221;1&#8243; custom_padding_last_edited=&#8221;off|desktop&#8221; admin_label=&#8221;Footer&#8221; _builder_version=&#8221;4.4.2&#8243; use_background_color_gradient=&#8221;on&#8221; background_color_gradient_start=&#8221;#004872&#8243; background_color_gradient_end=&#8221;rgba(41,17,96,0.8)&#8221; background_color_gradient_direction=&#8221;140deg&#8221; background_color_gradient_overlays_image=&#8221;on&#8221; background_enable_image=&#8221;off&#8221; custom_margin=&#8221;|||&#8221; custom_padding=&#8221;11px|0px|11px|0px|true|false&#8221; custom_padding_tablet=&#8221;10vw||10vw||true&#8221; custom_padding_phone=&#8221;5vw||5vw||true&#8221; locked=&#8221;off&#8221;][et_pb_row column_structure=&#8221;2_3,1_3&#8243; use_custom_gutter=&#8221;on&#8221; _builder_version=&#8221;4.4.1&#8243; width=&#8221;79.5%&#8221; custom_padding=&#8221;|||&#8221; use_custom_width=&#8221;on&#8221; locked=&#8221;off&#8221;][et_pb_column type=&#8221;2_3&#8243; _builder_version=&#8221;3.25&#8243; custom_padding=&#8221;|||&#8221; custom_padding__hover=&#8221;|||&#8221;][et_pb_contact_form email=&#8221;info@tunilab.com&#8221; title=&#8221;Contact us&#8221; custom_message=&#8221;%%name%%||et_pb_line_break_holder||%%email%%||et_pb_line_break_holder||%%Telephone%%||et_pb_line_break_holder||%%Societe%%||et_pb_line_break_holder||%%Message%%||et_pb_line_break_holder||||et_pb_line_break_holder||&#8221; success_message=&#8221;Your message have been sent!&#8221; submit_button_text=&#8221;send messages&#8221; module_id=&#8221;et_pb_contact_form_0&#8243; _builder_version=&#8221;4.4.4&#8243; form_field_background_color=&#8221;#000000&#8243; form_field_text_color=&#8221;#ffffff&#8221; title_level=&#8221;h2&#8243; title_font=&#8221;Share Tech||||||||&#8221; title_text_color=&#8221;#ffffff&#8221; title_font_size=&#8221;50px&#8221; title_line_height=&#8221;1.2em&#8221; captcha_text_color=&#8221;#ffffff&#8221; form_field_font=&#8221;Open Sans|700|||||||&#8221; form_field_letter_spacing=&#8221;2px&#8221; form_field_line_height=&#8221;1.8em&#8221; custom_button=&#8221;on&#8221; button_text_size=&#8221;15px&#8221; button_text_color=&#8221;#edf000&#8243; button_bg_color=&#8221;#ffa727&#8243; button_border_width=&#8221;10px&#8221; button_border_color=&#8221;#ffa727&#8243; button_border_radius=&#8221;100px&#8221; button_letter_spacing=&#8221;5px&#8221; button_font=&#8221;Open Sans|700||on|||||&#8221; button_use_icon=&#8221;off&#8221; button_text_size_last_edited=&#8221;off|desktop&#8221; border_color_all=&#8221;rgba(0,0,0,0.1)&#8221; border_width_bottom=&#8221;2px&#8221; box_shadow_style=&#8221;preset1&#8243; form_background_color=&#8221;rgba(0,0,0,0)&#8221; saved_tabs=&#8221;all&#8221; locked=&#8221;off&#8221; button_bg_color_hover=&#8221;#ff8a3d&#8221; button_border_color_hover=&#8221;#ff8a3d&#8221; button_border_radius_hover=&#8221;100px&#8221; button_letter_spacing_hover=&#8221;5px&#8221;][et_pb_contact_field field_id=&#8221;Name&#8221; field_title=&#8221;Name&#8221; _builder_version=&#8221;4.4.4&#8243; button_text_size__hover_enabled=&#8221;off&#8221; button_one_text_size__hover_enabled=&#8221;off&#8221; button_two_text_size__hover_enabled=&#8221;off&#8221; button_text_color__hover_enabled=&#8221;off&#8221; button_one_text_color__hover_enabled=&#8221;off&#8221; button_two_text_color__hover_enabled=&#8221;off&#8221; button_border_width__hover_enabled=&#8221;off&#8221; button_one_border_width__hover_enabled=&#8221;off&#8221; button_two_border_width__hover_enabled=&#8221;off&#8221; button_border_color__hover_enabled=&#8221;off&#8221; button_one_border_color__hover_enabled=&#8221;off&#8221; button_two_border_color__hover_enabled=&#8221;off&#8221; button_border_radius__hover_enabled=&#8221;off&#8221; button_one_border_radius__hover_enabled=&#8221;off&#8221; button_two_border_radius__hover_enabled=&#8221;off&#8221; button_letter_spacing__hover_enabled=&#8221;off&#8221; button_one_letter_spacing__hover_enabled=&#8221;off&#8221; button_two_letter_spacing__hover_enabled=&#8221;off&#8221; button_bg_color__hover_enabled=&#8221;off&#8221; button_one_bg_color__hover_enabled=&#8221;off&#8221; button_two_bg_color__hover_enabled=&#8221;off&#8221;][\/et_pb_contact_field][et_pb_contact_field field_id=&#8221;Email&#8221; field_title=&#8221;Email Adresse&#8221; field_type=&#8221;email&#8221; _builder_version=&#8221;4.4.1&#8243; button_text_size__hover_enabled=&#8221;off&#8221; button_one_text_size__hover_enabled=&#8221;off&#8221; button_two_text_size__hover_enabled=&#8221;off&#8221; button_text_color__hover_enabled=&#8221;off&#8221; button_one_text_color__hover_enabled=&#8221;off&#8221; button_two_text_color__hover_enabled=&#8221;off&#8221; button_border_width__hover_enabled=&#8221;off&#8221; button_one_border_width__hover_enabled=&#8221;off&#8221; button_two_border_width__hover_enabled=&#8221;off&#8221; button_border_color__hover_enabled=&#8221;off&#8221; button_one_border_color__hover_enabled=&#8221;off&#8221; button_two_border_color__hover_enabled=&#8221;off&#8221; button_border_radius__hover_enabled=&#8221;off&#8221; button_one_border_radius__hover_enabled=&#8221;off&#8221; button_two_border_radius__hover_enabled=&#8221;off&#8221; button_letter_spacing__hover_enabled=&#8221;off&#8221; button_one_letter_spacing__hover_enabled=&#8221;off&#8221; button_two_letter_spacing__hover_enabled=&#8221;off&#8221; button_bg_color__hover_enabled=&#8221;off&#8221; button_one_bg_color__hover_enabled=&#8221;off&#8221; button_two_bg_color__hover_enabled=&#8221;off&#8221;][\/et_pb_contact_field][et_pb_contact_field field_id=&#8221;Telephone&#8221; field_title=&#8221;Phone&#8221; max_length=&#8221;20&#8243; allowed_symbols=&#8221;numbers&#8221; _builder_version=&#8221;4.4.4&#8243;][\/et_pb_contact_field][et_pb_contact_field field_id=&#8221;Societe&#8221; field_title=&#8221;Company&#8221; required_mark=&#8221;off&#8221; _builder_version=&#8221;4.4.4&#8243;][\/et_pb_contact_field][et_pb_contact_field field_id=&#8221;Message&#8221; field_title=&#8221;Message&#8221; field_type=&#8221;text&#8221; fullwidth_field=&#8221;on&#8221; _builder_version=&#8221;4.4.4&#8243; button_text_size__hover_enabled=&#8221;off&#8221; button_one_text_size__hover_enabled=&#8221;off&#8221; button_two_text_size__hover_enabled=&#8221;off&#8221; button_text_color__hover_enabled=&#8221;off&#8221; button_one_text_color__hover_enabled=&#8221;off&#8221; button_two_text_color__hover_enabled=&#8221;off&#8221; button_border_width__hover_enabled=&#8221;off&#8221; button_one_border_width__hover_enabled=&#8221;off&#8221; button_two_border_width__hover_enabled=&#8221;off&#8221; button_border_color__hover_enabled=&#8221;off&#8221; button_one_border_color__hover_enabled=&#8221;off&#8221; button_two_border_color__hover_enabled=&#8221;off&#8221; button_border_radius__hover_enabled=&#8221;off&#8221; button_one_border_radius__hover_enabled=&#8221;off&#8221; button_two_border_radius__hover_enabled=&#8221;off&#8221; button_letter_spacing__hover_enabled=&#8221;off&#8221; button_one_letter_spacing__hover_enabled=&#8221;off&#8221; button_two_letter_spacing__hover_enabled=&#8221;off&#8221; button_bg_color__hover_enabled=&#8221;off&#8221; button_one_bg_color__hover_enabled=&#8221;off&#8221; button_two_bg_color__hover_enabled=&#8221;off&#8221;][\/et_pb_contact_field][\/et_pb_contact_form][\/et_pb_column][et_pb_column type=&#8221;1_3&#8243; _builder_version=&#8221;3.25&#8243; custom_padding=&#8221;120px|||&#8221; custom_padding_tablet=&#8221;0px|||&#8221; custom_padding_phone=&#8221;&#8221; custom_padding_last_edited=&#8221;on|tablet&#8221; custom_padding__hover=&#8221;|||&#8221;][et_pb_blurb title=&#8221;Hours&#8221; use_icon=&#8221;on&#8221; font_icon=&#8221;%%227%%&#8221; icon_color=&#8221;#ffa727&#8243; icon_placement=&#8221;left&#8221; content_max_width=&#8221;1100px&#8221; use_icon_font_size=&#8221;on&#8221; icon_font_size=&#8221;28px&#8221; _builder_version=&#8221;4.4.4&#8243; header_font=&#8221;Share Tech||||||||&#8221; header_font_size=&#8221;24px&#8221; header_line_height=&#8221;1.2em&#8221; body_font=&#8221;Open Sans||||||||&#8221; body_font_size=&#8221;16px&#8221; body_line_height=&#8221;1.8em&#8221; background_layout=&#8221;dark&#8221; custom_padding=&#8221;|||&#8221; animation_style=&#8221;fold&#8221; animation_delay=&#8221;150ms&#8221; animation=&#8221;off&#8221; locked=&#8221;off&#8221;]<p>Monday-Friday: 8:00 &#8211; 17:30<br \/> Saturday-Sunday: closed<\/p>[\/et_pb_blurb][et_pb_blurb title=&#8221;Call us&#8221; use_icon=&#8221;on&#8221; font_icon=&#8221;%%264%%&#8221; icon_color=&#8221;#ffa727&#8243; icon_placement=&#8221;left&#8221; content_max_width=&#8221;1100px&#8221; use_icon_font_size=&#8221;on&#8221; icon_font_size=&#8221;28px&#8221; _builder_version=&#8221;4.4.4&#8243; header_font=&#8221;Share Tech||||||||&#8221; header_font_size=&#8221;24px&#8221; header_line_height=&#8221;1.2em&#8221; body_font=&#8221;Open Sans||||||||&#8221; body_font_size=&#8221;16px&#8221; body_line_height=&#8221;1.8em&#8221; background_layout=&#8221;dark&#8221; custom_padding=&#8221;|||&#8221; animation_style=&#8221;fold&#8221; animation_delay=&#8221;150ms&#8221; animation=&#8221;off&#8221; locked=&#8221;off&#8221;]<p>(+216) 93 069 820<\/p>[\/et_pb_blurb][\/et_pb_column][\/et_pb_row][\/et_pb_section]\n","protected":false},"excerpt":{"rendered":"<p>La num\u00e9risation de vos documents vous garantira un acc\u00e8s ultra-rapide \u00e0 tous vos documents. Ne perdez plus de temps \u00e0 fouiller dans vos archives.<\/p>\n","protected":false},"author":1,"featured_media":846,"parent":0,"menu_order":0,"comment_status":"closed","ping_status":"closed","template":"","meta":{"_et_pb_use_builder":"on","_et_pb_old_content":"","_et_gb_content_width":"","footnotes":""},"class_list":["post-845","page","type-page","status-publish","has-post-thumbnail","hentry"],"aioseo_notices":[],"_links":{"self":[{"href":"https:\/\/tunilab.com\/en\/wp-json\/wp\/v2\/pages\/845","targetHints":{"allow":["GET"]}}],"collection":[{"href":"https:\/\/tunilab.com\/en\/wp-json\/wp\/v2\/pages"}],"about":[{"href":"https:\/\/tunilab.com\/en\/wp-json\/wp\/v2\/types\/page"}],"author":[{"embeddable":true,"href":"https:\/\/tunilab.com\/en\/wp-json\/wp\/v2\/users\/1"}],"replies":[{"embeddable":true,"href":"https:\/\/tunilab.com\/en\/wp-json\/wp\/v2\/comments?post=845"}],"version-history":[{"count":0,"href":"https:\/\/tunilab.com\/en\/wp-json\/wp\/v2\/pages\/845\/revisions"}],"wp:featuredmedia":[{"embeddable":true,"href":"https:\/\/tunilab.com\/en\/wp-json\/wp\/v2\/media\/846"}],"wp:attachment":[{"href":"https:\/\/tunilab.com\/en\/wp-json\/wp\/v2\/media?parent=845"}],"curies":[{"name":"wp","href":"https:\/\/api.w.org\/{rel}","templated":true}]}}